{"id":2321,"date":"2023-09-23T13:02:33","date_gmt":"2023-09-23T13:02:33","guid":{"rendered":"http:\/\/pontuslindvall.se\/?page_id=2321"},"modified":"2024-03-12T15:07:43","modified_gmt":"2024-03-12T15:07:43","slug":"artist-statement","status":"publish","type":"page","link":"https:\/\/pontuslindvall.se\/index.php\/artist-statement\/","title":{"rendered":""},"content":{"rendered":"\n<figure class=\"wp-block-image size-full is-resized\"><img loading=\"lazy\" decoding=\"async\" src=\"http:\/\/pontuslindvall.se\/wp-content\/uploads\/2019\/12\/pontuslindvall27.jpg\" alt=\"\" class=\"wp-image-547\" width=\"1660\" height=\"282\" srcset=\"https:\/\/pontuslindvall.se\/wp-content\/uploads\/2019\/12\/pontuslindvall27.jpg 1660w, https:\/\/pontuslindvall.se\/wp-content\/uploads\/2019\/12\/pontuslindvall27-300x51.jpg 300w, https:\/\/pontuslindvall.se\/wp-content\/uploads\/2019\/12\/pontuslindvall27-768x130.jpg 768w, https:\/\/pontuslindvall.se\/wp-content\/uploads\/2019\/12\/pontuslindvall27-1024x174.jpg 1024w\" sizes=\"(max-width: 1660px) 100vw, 1660px\" \/><\/figure>\n\n\n\n<h1 class=\"wp-block-heading\">artist statement<\/h1>\n\n\n\n<p style=\"background-color:#faf000;color:#000000\" class=\"has-text-color has-background\">20240312<\/p>\n\n\n\n<figure class=\"wp-block-image is-resized\"><img loading=\"lazy\" decoding=\"async\" src=\"http:\/\/pontuslindvall.se\/wp-content\/uploads\/2019\/12\/pil.jpg\" alt=\"\" class=\"wp-image-106\" width=\"50\" height=\"50\"\/><\/figure>\n\n\n\n<div class=\"wp-block-image\"><figure class=\"alignleft is-resized\"><img loading=\"lazy\" decoding=\"async\" src=\"http:\/\/pontuslindvall.se\/wp-content\/uploads\/2019\/12\/pil2_text.jpg\" alt=\"\" class=\"wp-image-805\" width=\"50\" height=\"50\"\/><\/figure><\/div>\n\n\n\n<p style=\"color:#950393\" class=\"has-text-color has-background has-normal-font-size has-light-green-cyan-background-color\">Pontus Lindvall arbetar med konsthantverk och har varit verksam i drygt tjugo \u00e5r efter examen fr\u00e5n Konstfack. Jobbar i huvudsak situationsspecifikt med materiell kultur, strukturell dramaturgi och aktiv funktionalitet som medel och l\u00e4sningsperspektiv f\u00f6r konstn\u00e4rlig kommunikation. Har en bred praktik innefattande allt fr\u00e5n redakt\u00f6rskap, curatoriella projekt och gestaltade visningssituationer i samarbetsprojekt till egna utst\u00e4llningar. <\/p>\n\n\n\n<p style=\"color:#950393\" class=\"has-text-color has-background has-normal-font-size has-light-green-cyan-background-color\">\u201d-Nej, jag g\u00f6r inte objekt eller autonoma m\u00e4sterverk. Jag g\u00f6r situationsspecifika och sj\u00e4lvsm\u00f6rjande metakontextuella konstsituationer. T\u00e4nk inredningsb\u00f6g, men extremt pretenti\u00f6s, s\u00e5 \u00e4r du p\u00e5 r\u00e4tt v\u00e4g.\u201d<\/p>\n\n\n\n<p><\/p>\n","protected":false},"excerpt":{"rendered":"<p>artist statement 20240312<\/p>\n","protected":false},"author":1,"featured_media":0,"parent":0,"menu_order":0,"comment_status":"closed","ping_status":"closed","template":"","meta":{"footnotes":""},"_links":{"self":[{"href":"https:\/\/pontuslindvall.se\/index.php\/wp-json\/wp\/v2\/pages\/2321"}],"collection":[{"href":"https:\/\/pontuslindvall.se\/index.php\/wp-json\/wp\/v2\/pages"}],"about":[{"href":"https:\/\/pontuslindvall.se\/index.php\/wp-json\/wp\/v2\/types\/page"}],"author":[{"embeddable":true,"href":"https:\/\/pontuslindvall.se\/index.php\/wp-json\/wp\/v2\/users\/1"}],"replies":[{"embeddable":true,"href":"https:\/\/pontuslindvall.se\/index.php\/wp-json\/wp\/v2\/comments?post=2321"}],"version-history":[{"count":8,"href":"https:\/\/pontuslindvall.se\/index.php\/wp-json\/wp\/v2\/pages\/2321\/revisions"}],"predecessor-version":[{"id":2385,"href":"https:\/\/pontuslindvall.se\/index.php\/wp-json\/wp\/v2\/pages\/2321\/revisions\/2385"}],"wp:attachment":[{"href":"https:\/\/pontuslindvall.se\/index.php\/wp-json\/wp\/v2\/media?parent=2321"}],"curies":[{"name":"wp","href":"https:\/\/api.w.org\/{rel}","templated":true}]}}